{"id":108,"date":"2024-02-24T10:07:29","date_gmt":"2024-02-24T10:07:29","guid":{"rendered":"https:\/\/projektkehlplus.de\/?page_id=108"},"modified":"2024-09-14T17:46:01","modified_gmt":"2024-09-14T15:46:01","slug":"impressum","status":"publish","type":"page","link":"https:\/\/projektkehlplus.de\/?page_id=108","title":{"rendered":"Impressum"},"content":{"rendered":"\n<p class=\"has-text-color has-link-color has-medium-font-size wp-elements-e2f3a7ee6e2c368f956b7aa2edfa8edb\" style=\"color:#22367f;font-style:normal;font-weight:600\">Wolfgang Maelger<br>Liste PROjekt Kehl+<br>R\u00fcdigerstra\u00dfe 12<br>77694 Kehl<br><br>Telefon: +49 7851 1645<br>E-Mail: webmaster@projektkehlplus.de<br><br>Redaktionell verantwortlich<br>Wolfgang Maelger<br>R\u00fcdigerstra\u00dfe 12<br>77694 Kehl<br><\/p>\n","protected":false},"excerpt":{"rendered":"<p>Wolfgang MaelgerListe PROjekt Kehl+R\u00fcdigerstra\u00dfe 1277694 Kehl Telefon: +49 7851 1645E-Mail: webmaster@projektkehlplus.de Redaktionell verantwortlichWolfgang MaelgerR\u00fcdigerstra\u00dfe 1277694 Kehl<\/p>\n","protected":false},"author":1,"featured_media":0,"parent":0,"menu_order":0,"comment_status":"closed","ping_status":"closed","template":"","meta":{"_coblocks_attr":"","_coblocks_dimensions":"","_coblocks_responsive_height":"","_coblocks_accordion_ie_support":"","_EventAllDay":false,"_EventTimezone":"","_EventStartDate":"","_EventEndDate":"","_EventStartDateUTC":"","_EventEndDateUTC":"","_EventShowMap":false,"_EventShowMapLink":false,"_EventURL":"","_EventCost":"","_EventCostDescription":"","_EventCurrencySymbol":"","_EventCurrencyCode":"","_EventCurrencyPosition":"","_EventDateTimeSeparator":"","_EventTimeRangeSeparator":"","_EventOrganizerID":[],"_EventVenueID":[],"_OrganizerEmail":"","_OrganizerPhone":"","_OrganizerWebsite":"","_VenueAddress":"","_VenueCity":"","_VenueCountry":"","_VenueProvince":"","_VenueState":"","_VenueZip":"","_VenuePhone":"","_VenueURL":"","_VenueStateProvince":"","_VenueLat":"","_VenueLng":"","_VenueShowMap":false,"_VenueShowMapLink":false,"hide_page_title":"enabled","footnotes":"","two_page_speed":{"previous_score":{"desktop_score":91,"desktop_tti":"1.4\u00a0","mobile_score":60,"mobile_tti":"6.7\u00a0","date":"23.03.2024 11:06:25 am","status":"completed"},"current_score":{"desktop_score":100,"desktop_tti":"0.6\u00a0","mobile_score":94,"mobile_tti":"2.4\u00a0","date":"14.09.2024 05:46:28 pm","status":"completed"}}},"_links":{"self":[{"href":"https:\/\/projektkehlplus.de\/index.php?rest_route=\/wp\/v2\/pages\/108"}],"collection":[{"href":"https:\/\/projektkehlplus.de\/index.php?rest_route=\/wp\/v2\/pages"}],"about":[{"href":"https:\/\/projektkehlplus.de\/index.php?rest_route=\/wp\/v2\/types\/page"}],"author":[{"embeddable":true,"href":"https:\/\/projektkehlplus.de\/index.php?rest_route=\/wp\/v2\/users\/1"}],"replies":[{"embeddable":true,"href":"https:\/\/projektkehlplus.de\/index.php?rest_route=%2Fwp%2Fv2%2Fcomments&post=108"}],"version-history":[{"count":6,"href":"https:\/\/projektkehlplus.de\/index.php?rest_route=\/wp\/v2\/pages\/108\/revisions"}],"predecessor-version":[{"id":655,"href":"https:\/\/projektkehlplus.de\/index.php?rest_route=\/wp\/v2\/pages\/108\/revisions\/655"}],"wp:attachment":[{"href":"https:\/\/projektkehlplus.de\/index.php?rest_route=%2Fwp%2Fv2%2Fmedia&parent=108"}],"curies":[{"name":"wp","href":"https:\/\/api.w.org\/{rel}","templated":true}]}}