{"id":35,"date":"2024-03-22T15:51:37","date_gmt":"2024-03-22T15:51:37","guid":{"rendered":"https:\/\/projektkehlplus.de\/willkommen-auf-https-projektkehlplus-de\/"},"modified":"2024-09-14T16:02:09","modified_gmt":"2024-09-14T14:02:09","slug":"willkommen-auf-https-projektkehlplus-de","status":"publish","type":"page","link":"https:\/\/projektkehlplus.de\/","title":{"rendered":"Willkommen"},"content":{"rendered":"\n<p class=\"is-style-default has-text-color has-background has-link-color has-large-font-size coblocks-animate wp-elements-c2b00a50e0d8379d9dfab293e514709e\" style=\"color:#22367f;background-color:#cbcbcb;font-style:normal;font-weight:600\" data-coblocks-animation=\"fadeIn\">&#8222;Was immer du tun kannst oder tr\u00e4umst es zu k\u00f6nnen, fang damit an.&#8220; <br><em>Goethe<\/em><\/p>\n\n\n\n<figure class=\"wp-block-image alignwide size-large is-style-default\"><img loading=\"lazy\" decoding=\"async\" width=\"1024\" height=\"576\" src=\"https:\/\/projektkehlplus.de\/wp-content\/uploads\/2024\/06\/Bild-Danke-1024x576.jpg\" alt=\"\" class=\"wp-image-760\" srcset=\"https:\/\/projektkehlplus.de\/wp-content\/uploads\/2024\/06\/Bild-Danke-1024x576.jpg 1024w, https:\/\/projektkehlplus.de\/wp-content\/uploads\/2024\/06\/Bild-Danke-300x169.jpg 300w, https:\/\/projektkehlplus.de\/wp-content\/uploads\/2024\/06\/Bild-Danke-768x432.jpg 768w, https:\/\/projektkehlplus.de\/wp-content\/uploads\/2024\/06\/Bild-Danke-1536x864.jpg 1536w, https:\/\/projektkehlplus.de\/wp-content\/uploads\/2024\/06\/Bild-Danke-600x338.jpg 600w, https:\/\/projektkehlplus.de\/wp-content\/uploads\/2024\/06\/Bild-Danke.jpg 1920w\" sizes=\"(max-width: 1024px) 100vw, 1024px\" \/><\/figure>\n\n\n\n<div class=\"wp-block-columns alignfull is-layout-flex wp-container-core-columns-layout-1 wp-block-columns-is-layout-flex\">\n<div class=\"wp-block-column is-layout-flow wp-block-column-is-layout-flow\" style=\"flex-basis:100%\">\n<h2 class=\"wp-block-heading has-text-align-center has-huge-font-size\">Wir sagen DANKE f\u00fcr die Unterst\u00fctzung.&nbsp;Wir sind im Gemeinderat vertreten und bleiben weiterhin aktiv &#8211; positiv engagiert.<\/h2>\n<\/div>\n<\/div>\n\n\n\n<p><\/p>\n\n\n\n<p><\/p>\n\n\n\n<p><\/p>\n\n\n\n<p class=\"has-large-font-size\" style=\"font-style:normal;font-weight:100\">Wir freuen uns, Dich auf unserer Homepage begr\u00fc\u00dfen zu d\u00fcrfen und auf jeden <a href=\"https:\/\/projektkehlplus.de\/?page_id=235\">Kontakt<\/a> mit Dir!<br><a href=\"https:\/\/projektkehlplus.de\/?post_type=tribe_events\">Hier<\/a> erh\u00e4ltst Du einen \u00dcberblick \u00fcber anstehende Veranstaltungen mit uns. Bis bald!<\/p>\n\n\n\n<hr class=\"wp-block-coblocks-dynamic-separator\" style=\"height:50px\"\/>\n\n\n\n<p class=\"has-medium-font-size\">In den vergangenen Wochen haben wir das, was wir seit dem 5. Februar 2024 \u00fcberlegt und vorbereitet haben, in eine vorl\u00e4ufig endg\u00fcltige Form gebracht. Es wird nie endg\u00fcltig sein, denn wir sind offen f\u00fcr Ver\u00e4nderungen, Bereicherungen und f\u00fcr positive \u00dcberraschungen, die es immer und immer wieder gibt!<\/p>\n","protected":false},"excerpt":{"rendered":"<p>&#8222;Was immer du tun kannst oder tr\u00e4umst es zu k\u00f6nnen, fang damit an.&#8220; Goethe Wir sagen DANKE f\u00fcr die Unterst\u00fctzung.&nbsp;Wir sind im Gemeinderat vertreten und bleiben weiterhin aktiv &#8211; positiv [&hellip;]<\/p>\n","protected":false},"author":1,"featured_media":0,"parent":0,"menu_order":0,"comment_status":"closed","ping_status":"open","template":"","meta":{"_coblocks_attr":"","_coblocks_dimensions":"","_coblocks_responsive_height":"","_coblocks_accordion_ie_support":"","_EventAllDay":false,"_EventTimezone":"","_EventStartDate":"","_EventEndDate":"","_EventStartDateUTC":"","_EventEndDateUTC":"","_EventShowMap":false,"_EventShowMapLink":false,"_EventURL":"","_EventCost":"","_EventCostDescription":"","_EventCurrencySymbol":"","_EventCurrencyCode":"","_EventCurrencyPosition":"","_EventDateTimeSeparator":"","_EventTimeRangeSeparator":"","_EventOrganizerID":[],"_EventVenueID":[],"_OrganizerEmail":"","_OrganizerPhone":"","_OrganizerWebsite":"","_VenueAddress":"","_VenueCity":"","_VenueCountry":"","_VenueProvince":"","_VenueState":"","_VenueZip":"","_VenuePhone":"","_VenueURL":"","_VenueStateProvince":"","_VenueLat":"","_VenueLng":"","_VenueShowMap":false,"_VenueShowMapLink":false,"hide_page_title":"enabled","footnotes":"","two_page_speed":null},"_links":{"self":[{"href":"https:\/\/projektkehlplus.de\/index.php?rest_route=\/wp\/v2\/pages\/35"}],"collection":[{"href":"https:\/\/projektkehlplus.de\/index.php?rest_route=\/wp\/v2\/pages"}],"about":[{"href":"https:\/\/projektkehlplus.de\/index.php?rest_route=\/wp\/v2\/types\/page"}],"author":[{"embeddable":true,"href":"https:\/\/projektkehlplus.de\/index.php?rest_route=\/wp\/v2\/users\/1"}],"replies":[{"embeddable":true,"href":"https:\/\/projektkehlplus.de\/index.php?rest_route=%2Fwp%2Fv2%2Fcomments&post=35"}],"version-history":[{"count":44,"href":"https:\/\/projektkehlplus.de\/index.php?rest_route=\/wp\/v2\/pages\/35\/revisions"}],"predecessor-version":[{"id":767,"href":"https:\/\/projektkehlplus.de\/index.php?rest_route=\/wp\/v2\/pages\/35\/revisions\/767"}],"wp:attachment":[{"href":"https:\/\/projektkehlplus.de\/index.php?rest_route=%2Fwp%2Fv2%2Fmedia&parent=35"}],"curies":[{"name":"wp","href":"https:\/\/api.w.org\/{rel}","templated":true}]}}