{"id":81,"date":"2024-02-23T21:07:45","date_gmt":"2024-02-23T21:07:45","guid":{"rendered":"https:\/\/projektkehlplus.de\/?page_id=81"},"modified":"2024-03-22T15:28:59","modified_gmt":"2024-03-22T15:28:59","slug":"warum-projekt-kehl","status":"publish","type":"page","link":"https:\/\/projektkehlplus.de\/?page_id=81","title":{"rendered":"Warum PROjekt KEHL+?"},"content":{"rendered":"\n<p class=\"is-style-default has-text-color has-background has-link-color has-large-font-size coblocks-animate wp-elements-c651a8c131d3baf8023fb9dfa4dfb9bf\" style=\"color:#22367f;background-color:#cbcbcb;font-style:normal;font-weight:600\" data-coblocks-animation=\"fadeIn\">&#8222;Man muss noch Chaos in sich haben, um einen tanzenden Stern geb\u00e4ren zu k\u00f6nnen&#8220;<br><em>Friedrich Nietzsche <\/em><\/p>\n\n\n\n<hr class=\"wp-block-coblocks-dynamic-separator\" style=\"height:20px\"\/>\n\n\n\n<p class=\"has-medium-font-size\">Gerade <strong>junge<\/strong> <strong>Menschen<\/strong> k\u00f6nnen und\/oder wollen sich nicht langfristig in \u00c4mter binden (lassen). Ihr pers\u00f6nlicher Werdegang ist oft von Ortswechseln und Flexibilit\u00e4t gepr\u00e4gt. Trotzdem m\u00f6chten viele von ihnen <strong>politische<\/strong> <strong>Verantwortung<\/strong> in \u00c4mtern \u00fcbernehmen. Eine Projekt bezogene Gestaltung politischer \u00c4mter zollt diesen Rahmenbedingungen <strong>Respekt<\/strong> und ist gleichzeitig auch als Wegbereiter einer erweiterten <strong>B\u00fcrgerbeteiligung<\/strong> zu verstehen. <\/p>\n\n\n\n<hr class=\"wp-block-coblocks-dynamic-separator\" style=\"height:20px\"\/>\n\n\n\n<p class=\"has-medium-font-size\">Erfahrene WegbegleiterInnen stehen den jungen Menschen unserer Liste zur Seite, <strong>beraten<\/strong> und <strong>entlasten<\/strong> sie und geben ihnen <strong>positive<\/strong> R\u00fcckmeldung.<\/p>\n\n\n\n<hr class=\"wp-block-coblocks-dynamic-separator\" style=\"height:20px\"\/>\n\n\n\n<p class=\"has-medium-font-size\">Die Zugeh\u00f6rigkeit zu einer Partei bedeutet auch, deren Parteiprogramm als gegeben zu akzeptieren und definiert gleichzeitig die politischen &#8222;<strong>Gegner<\/strong>&#8222;. Dies ist uns zu <strong>undifferenziert<\/strong>. Gerade in der Kommunalpolitik l\u00e4sst sich das Parteiprogramm oft nicht im regionalen politischen Geschehen abbilden. Zudem strahlt die Wahrnehmung der Parteien durch die Bundespolitik automatisch auf die politischen Akteure auf Gemeinderatsebene, mit allen Vor- und Nachteilen. Wir wollen <strong>an<\/strong> <strong>unseren<\/strong> eigenen <strong>Taten<\/strong> gemessen werden! <\/p>\n","protected":false},"excerpt":{"rendered":"<p>&#8222;Man muss noch Chaos in sich haben, um einen tanzenden Stern geb\u00e4ren zu k\u00f6nnen&#8220;Friedrich Nietzsche Gerade junge Menschen k\u00f6nnen und\/oder wollen sich nicht langfristig in \u00c4mter binden (lassen). Ihr pers\u00f6nlicher [&hellip;]<\/p>\n","protected":false},"author":1,"featured_media":0,"parent":0,"menu_order":0,"comment_status":"closed","ping_status":"closed","template":"","meta":{"_coblocks_attr":"","_coblocks_dimensions":"","_coblocks_responsive_height":"","_coblocks_accordion_ie_support":"","_EventAllDay":false,"_EventTimezone":"","_EventStartDate":"","_EventEndDate":"","_EventStartDateUTC":"","_EventEndDateUTC":"","_EventShowMap":false,"_EventShowMapLink":false,"_EventURL":"","_EventCost":"","_EventCostDescription":"","_EventCurrencySymbol":"","_EventCurrencyCode":"","_EventCurrencyPosition":"","_EventDateTimeSeparator":"","_EventTimeRangeSeparator":"","_EventOrganizerID":[],"_EventVenueID":[],"_OrganizerEmail":"","_OrganizerPhone":"","_OrganizerWebsite":"","_VenueAddress":"","_VenueCity":"","_VenueCountry":"","_VenueProvince":"","_VenueState":"","_VenueZip":"","_VenuePhone":"","_VenueURL":"","_VenueStateProvince":"","_VenueLat":"","_VenueLng":"","_VenueShowMap":false,"_VenueShowMapLink":false,"hide_page_title":"enabled","footnotes":"","two_page_speed":{"previous_score":{"desktop_score":88,"desktop_tti":"1.5\u00a0","mobile_score":59,"mobile_tti":"7.1\u00a0","date":"02.05.2024 03:39:36 pm","status":"completed"}}},"_links":{"self":[{"href":"https:\/\/projektkehlplus.de\/index.php?rest_route=\/wp\/v2\/pages\/81"}],"collection":[{"href":"https:\/\/projektkehlplus.de\/index.php?rest_route=\/wp\/v2\/pages"}],"about":[{"href":"https:\/\/projektkehlplus.de\/index.php?rest_route=\/wp\/v2\/types\/page"}],"author":[{"embeddable":true,"href":"https:\/\/projektkehlplus.de\/index.php?rest_route=\/wp\/v2\/users\/1"}],"replies":[{"embeddable":true,"href":"https:\/\/projektkehlplus.de\/index.php?rest_route=%2Fwp%2Fv2%2Fcomments&post=81"}],"version-history":[{"count":27,"href":"https:\/\/projektkehlplus.de\/index.php?rest_route=\/wp\/v2\/pages\/81\/revisions"}],"predecessor-version":[{"id":432,"href":"https:\/\/projektkehlplus.de\/index.php?rest_route=\/wp\/v2\/pages\/81\/revisions\/432"}],"wp:attachment":[{"href":"https:\/\/projektkehlplus.de\/index.php?rest_route=%2Fwp%2Fv2%2Fmedia&parent=81"}],"curies":[{"name":"wp","href":"https:\/\/api.w.org\/{rel}","templated":true}]}}